{"id":1571,"date":"2024-09-30T17:12:57","date_gmt":"2024-09-30T15:12:57","guid":{"rendered":"https:\/\/ilovemusic.top\/?page_id=1571"},"modified":"2025-02-13T17:00:19","modified_gmt":"2025-02-13T16:00:19","slug":"elementor-1571","status":"publish","type":"page","link":"https:\/\/ilovemusic.top\/index.php\/elementor-1571\/","title":{"rendered":"LOCUTORES"},"content":{"rendered":"\t\t<div data-elementor-type=\"wp-page\" data-elementor-id=\"1571\" class=\"elementor elementor-1571\" data-elementor-post-type=\"page\">\n\t\t\t\t\t\t<section class=\"elementor-section elementor-top-section elementor-element elementor-element-0969ec6 elementor-section-boxed elementor-section-height-default elementor-section-height-default\" data-id=\"0969ec6\" data-element_type=\"section\">\n\t\t\t\t\t\t<div class=\"elementor-container elementor-column-gap-default\">\n\t\t\t\t\t<div class=\"elementor-column elementor-col-100 elementor-top-column elementor-element elementor-element-c77e437\" data-id=\"c77e437\" data-element_type=\"column\">\n\t\t\t<div class=\"elementor-widget-wrap elementor-element-populated\">\n\t\t\t\t\t\t<div class=\"elementor-element elementor-element-f466e2b elementor-widget elementor-widget-mt-team\" data-id=\"f466e2b\" data-element_type=\"widget\" data-widget_type=\"mt-team.default\">\n\t\t\t\t<div class=\"elementor-widget-container\">\n\t\t\t\t\t<div class=\"mighty-team\"><div class=\"avatar-wrapper\"><img src=https:\/\/ilovemusic.top\/wp-content\/uploads\/2023\/10\/mary.png ><\/div><h3 class=\"person-name\">MARY SCORPIO<\/h3><div class=\"person-designation\">BARCELONA<\/div><div class=\"person-about\">Mary Scorpio \u2013 La Voz con Estilo y Pasi\u00f3n Musical.\nMary Scorpio debut\u00f3 en el mundo de la radio en \"Radihola\", la emisora de Castell\u00f3n de la Plana, donde r\u00e1pidamente se gan\u00f3 el cari\u00f1o y la admiraci\u00f3n del p\u00fablico gracias a su carisma, desparpajo y su extenso conocimiento musical. Su impecable gusto en la selecci\u00f3n de canciones y su habilidad para conectar con la audiencia la convirtieron en una de las voces m\u00e1s destacadas de la emisora.\n\nEl \u00e9xito de Mary la llev\u00f3 a ser fichada por \"La Taberna del Buda\", donde junto a su fundador Juan, conocido como \"El Tabernero\", vivi\u00f3 una etapa inolvidable. Durante cuatro a\u00f1os, ambos crearon un espacio lleno de frescura y diversi\u00f3n, que incluso los llev\u00f3 a la televisi\u00f3n con dos temporadas de sus c\u00e9lebres \"Programillas\", cargados de humor y buena m\u00fasica.\n\nActualmente, Mary forma parte de la emisora \"I Love Music\", donde contin\u00faa brillando con su estilo \u00fanico y su pasi\u00f3n por la m\u00fasica. Con cada programa, Mary sigue demostrando que su voz es sin\u00f3nimo de energ\u00eda, talento y buen gusto, haciendo que cada emisi\u00f3n sea una experiencia \u00fanica para sus oyentes.<\/div><ul class=\"social-icons-wrapper\"><li class=\"elementor-repeater-item-8912c61\" >\r\n\t\t\t\t\t\t<a href=\"#\"><i aria-hidden=\"true\" class=\"fab fa-facebook\"><\/i><\/a><\/li><li class=\"elementor-repeater-item-1720a53\" >\r\n\t\t\t\t\t\t<a href=\"#\"><i aria-hidden=\"true\" class=\"fab fa-twitter\"><\/i><\/a><\/li><li class=\"elementor-repeater-item-3aeea33\" >\r\n\t\t\t\t\t\t<a href=\"#\"><i aria-hidden=\"true\" class=\"fab fa-linkedin-in\"><\/i><\/a><\/li><\/ul><\/div>\t\t\t\t<\/div>\n\t\t\t\t<\/div>\n\t\t\t\t<div class=\"elementor-element elementor-element-d409b99 elementor-widget elementor-widget-mt-team\" data-id=\"d409b99\" data-element_type=\"widget\" data-widget_type=\"mt-team.default\">\n\t\t\t\t<div class=\"elementor-widget-container\">\n\t\t\t\t\t<div class=\"mighty-team\"><div class=\"avatar-wrapper\"><img src=https:\/\/ilovemusic.top\/wp-content\/uploads\/2023\/10\/malu.png ><\/div><h3 class=\"person-name\">MAL\u00da<\/h3><div class=\"person-designation\">CASTELLON DE LA PLANA<\/div><div class=\"person-about\">Mal\u00fa \u2013 La Voz C\u00e1lida que Une Tiempos y Corazones\n\nMal\u00fa es una locutora con una voz c\u00e1lida y elegante, capaz de transportar a su audiencia a trav\u00e9s de los mejores \u00e9xitos musicales de todos los tiempos. Su afici\u00f3n por la radio comenz\u00f3 en la emisora online \"Radio Familiar\", aunque en ese momento no ten\u00eda claro hacia d\u00f3nde dirigir su trayectoria. Fue al formar parte de la radio catalana \"Balc\u00f3n Mediterr\u00e1neo\", con el objetivo de apoyar a su amiga y creadora Campanilla, cuando empez\u00f3 a forjar su camino en el mundo de la radio.\n\nEl verdadero salto en su carrera lleg\u00f3 al fundar la emisora \"Radihola\", un proyecto en el que volc\u00f3 toda su ilusi\u00f3n y pasi\u00f3n. Gracias a su entrega y dedicaci\u00f3n, Mal\u00fa hizo realidad sus sue\u00f1os, creando una radio que no solo uni\u00f3 a amigos de toda Espa\u00f1a, sino tambi\u00e9n de diferentes nacionalidades. Las inolvidables fiestas de Radihola en el Hotel Golf de Castell\u00f3n son testimonio de su \u00e9xito y esp\u00edritu festivo.\n\nHoy, Mal\u00fa sigue transmitiendo su magia a trav\u00e9s de \"I Love Music\", donde contin\u00faa cautivando con su clase y su talento, ofreciendo m\u00fasica que conecta generaciones y emociones.<\/div><ul class=\"social-icons-wrapper\"><li class=\"elementor-repeater-item-8912c61\" >\r\n\t\t\t\t\t\t<a href=\"#\"><i aria-hidden=\"true\" class=\"fab fa-facebook\"><\/i><\/a><\/li><li class=\"elementor-repeater-item-1720a53\" >\r\n\t\t\t\t\t\t<a href=\"#\"><i aria-hidden=\"true\" class=\"fab fa-twitter\"><\/i><\/a><\/li><li class=\"elementor-repeater-item-3aeea33\" >\r\n\t\t\t\t\t\t<a href=\"#\"><i aria-hidden=\"true\" class=\"fab fa-linkedin-in\"><\/i><\/a><\/li><\/ul><\/div>\t\t\t\t<\/div>\n\t\t\t\t<\/div>\n\t\t\t\t<div class=\"elementor-element elementor-element-3d17604 elementor-widget elementor-widget-mt-team\" data-id=\"3d17604\" data-element_type=\"widget\" data-widget_type=\"mt-team.default\">\n\t\t\t\t<div class=\"elementor-widget-container\">\n\t\t\t\t\t<div class=\"mighty-team\"><div class=\"avatar-wrapper\"><img src=https:\/\/ilovemusic.top\/wp-content\/uploads\/2023\/10\/callahan.png ><\/div><h3 class=\"person-name\">CALLAHAN<\/h3><div class=\"person-designation\">GRANADA<\/div><div class=\"person-about\">Callahan \u2013 La Enciclopedia Musical en el Aire..\n\nCallahan debut\u00f3 en la emisora barcelonesa \"Balc\u00f3n Mediterr\u00e1neo\", donde r\u00e1pidamente destac\u00f3 por su vasto conocimiento musical y su pasi\u00f3n inigualable por los vinilos. Como experto coleccionista, Callahan es un verdadero conocedor de la m\u00fasica de todas las \u00e9pocas, desde los cl\u00e1sicos atemporales hasta los sonidos m\u00e1s actuales. Su capacidad para seleccionar y analizar cada canci\u00f3n lo convirti\u00f3 en una referencia dentro del mundo de la radio.\n\nEste talento no pas\u00f3 desapercibido, y pronto fue fichado por \"Radihola\", donde comparti\u00f3 su sabidur\u00eda y estilo con una audiencia \u00e1vida de buena m\u00fasica. Su enfoque \u00fanico y su habilidad para transmitir la historia y esencia detr\u00e1s de cada disco lo convirtieron en una voz imprescindible en el panorama radiof\u00f3nico.\n\nActualmente, Callahan forma parte de la emisora \"I Love Music\", donde sigue deleitando a los oyentes con su conocimiento enciclop\u00e9dico y su buen gusto musical, creando una experiencia inolvidable en cada emisi\u00f3n.<\/div><ul class=\"social-icons-wrapper\"><li class=\"elementor-repeater-item-8912c61\" >\r\n\t\t\t\t\t\t<a href=\"#\"><i aria-hidden=\"true\" class=\"fab fa-facebook\"><\/i><\/a><\/li><li class=\"elementor-repeater-item-1720a53\" >\r\n\t\t\t\t\t\t<a href=\"#\"><i aria-hidden=\"true\" class=\"fab fa-twitter\"><\/i><\/a><\/li><li class=\"elementor-repeater-item-3aeea33\" >\r\n\t\t\t\t\t\t<a href=\"#\"><i aria-hidden=\"true\" class=\"fab fa-linkedin-in\"><\/i><\/a><\/li><\/ul><\/div>\t\t\t\t<\/div>\n\t\t\t\t<\/div>\n\t\t\t\t<div class=\"elementor-element elementor-element-cda4f95 elementor-widget elementor-widget-mt-team\" data-id=\"cda4f95\" data-element_type=\"widget\" data-widget_type=\"mt-team.default\">\n\t\t\t\t<div class=\"elementor-widget-container\">\n\t\t\t\t\t<div class=\"mighty-team\"><div class=\"avatar-wrapper\"><img src=https:\/\/ilovemusic.top\/wp-content\/uploads\/2023\/10\/juan.png ><\/div><h3 class=\"person-name\">EL TABERNERO<\/h3><div class=\"person-designation\"> BARCELONA<\/div><div class=\"person-about\">Juan, apodado cari\u00f1osamente como \"El Tabernero\", es un locutor con un estilo \u00fanico y cercano que ha sabido conquistar a oyentes de todo el mundo. Su pasi\u00f3n por la radio comenz\u00f3 en la emisora online \"Balc\u00f3n Mediterr\u00e1neo\", donde descubri\u00f3 su talento natural para comunicar y entretener. Posteriormente, su voz inconfundible lo llev\u00f3 a formar parte de la prestigiosa radio chilena \"Creadores de Voces Unidas\", donde sigui\u00f3 perfeccionando su arte.\n\nSu recorrido profesional lo llev\u00f3 a radiar en \"Radihola\", una emisora de Castell\u00f3n de la Plana, donde gan\u00f3 popularidad por su estilo carism\u00e1tico y aut\u00e9ntico. Pero el verdadero despegue de su carrera lleg\u00f3 al fundar su propia emisora, **\"La Taberna del Buda\"**, en colaboraci\u00f3n con la locutora Mary Scorpio. Durante cuatro a\u00f1os, ambos crearon un espacio m\u00e1gico, lleno de humor y buena energ\u00eda, en el que realizaron dos temporadas de televisi\u00f3n con sus divertidos \"Programillas\", dejando una huella imborrable en su audiencia.\n\nActualmente, Juan forma parte de la emisora **\"I Love Music\"**, donde sigue transmitiendo su pasi\u00f3n por la m\u00fasica y la radio, siempre con su toque caracter\u00edstico, cercano y amigable. Si buscas una voz que te transporte y te haga sentir en casa, \"El Tabernero\" es tu locutor.<\/div><ul class=\"social-icons-wrapper\"><li class=\"elementor-repeater-item-8912c61\" >\r\n\t\t\t\t\t\t<a href=\"#\"><i aria-hidden=\"true\" class=\"fab fa-facebook\"><\/i><\/a><\/li><li class=\"elementor-repeater-item-1720a53\" >\r\n\t\t\t\t\t\t<a href=\"#\"><i aria-hidden=\"true\" class=\"fab fa-twitter\"><\/i><\/a><\/li><li class=\"elementor-repeater-item-3aeea33\" >\r\n\t\t\t\t\t\t<a href=\"#\"><i aria-hidden=\"true\" class=\"fab fa-linkedin-in\"><\/i><\/a><\/li><\/ul><\/div>\t\t\t\t<\/div>\n\t\t\t\t<\/div>\n\t\t\t\t<div class=\"elementor-element elementor-element-a9a46f2 elementor-widget elementor-widget-mt-team\" data-id=\"a9a46f2\" data-element_type=\"widget\" data-widget_type=\"mt-team.default\">\n\t\t\t\t<div class=\"elementor-widget-container\">\n\t\t\t\t\t<div class=\"mighty-team\"><div class=\"avatar-wrapper\"><img src=https:\/\/ilovemusic.top\/wp-content\/uploads\/2023\/10\/diablo.png ><\/div><h3 class=\"person-name\">DJ. DIABLO<\/h3><div class=\"person-designation\">CARTAGENA<\/div><div class=\"person-about\">Diablo \u2013 El Maestro de las Ondas y la Fiesta...\n\nDiablo es un locutor musical polifac\u00e9tico que ha sabido conquistar a su audiencia gracias a su habilidad para combinar, en cada sesi\u00f3n, una mezcla perfecta entre los estilos m\u00e1s festivaleros y los grandes cl\u00e1sicos de todos los tiempos. Con su energ\u00eda contagiosa y su estilo \u00fanico, Diablo ameniza las ma\u00f1anas con una dosis de buena m\u00fasica y dedicatorias personalizadas que conectan con su p\u00fablico de una manera especial.\n\nCon una presencia destacada en varias plataformas de streaming, Diablo ha logrado llevar su inconfundible estilo a miles de oyentes. Actualmente, puedes disfrutar de su magia a trav\u00e9s de \"I Love Music\", donde sigue sorprendiendo con sesiones llenas de ritmo y emoci\u00f3n.<\/div><ul class=\"social-icons-wrapper\"><li class=\"elementor-repeater-item-8912c61\" >\r\n\t\t\t\t\t\t<a href=\"#\"><i aria-hidden=\"true\" class=\"fab fa-facebook\"><\/i><\/a><\/li><li class=\"elementor-repeater-item-1720a53\" >\r\n\t\t\t\t\t\t<a href=\"#\"><i aria-hidden=\"true\" class=\"fab fa-twitter\"><\/i><\/a><\/li><li class=\"elementor-repeater-item-3aeea33\" >\r\n\t\t\t\t\t\t<a href=\"#\"><i aria-hidden=\"true\" class=\"fab fa-linkedin-in\"><\/i><\/a><\/li><\/ul><\/div>\t\t\t\t<\/div>\n\t\t\t\t<\/div>\n\t\t\t\t<div class=\"elementor-element elementor-element-bf9e225 elementor-widget elementor-widget-html\" data-id=\"bf9e225\" data-element_type=\"widget\" data-widget_type=\"html.default\">\n\t\t\t\t<div class=\"elementor-widget-container\">\n\t\t\t\t\t<iframe src=\"https:\/\/stream.zeno.fm\/u2g5d83k7tzuv\" width=\"575\" height=\"250\" frameborder=\"0\" scrolling=\"no\"><\/iframe><a href=\"https:\/\/zeno.fm\/\" target=\"_blank\" style=\"display: block; font-size: 0.9em; line-height: 10px;\"><\/a>\t\t\t\t<\/div>\n\t\t\t\t<\/div>\n\t\t\t\t\t<\/div>\n\t\t<\/div>\n\t\t\t\t\t<\/div>\n\t\t<\/section>\n\t\t\t\t<\/div>\n\t\t","protected":false},"excerpt":{"rendered":"<p>MARY SCORPIO BARCELONAMary Scorpio \u2013 La Voz con Estilo y Pasi\u00f3n Musical. Mary Scorpio debut\u00f3 en el mundo de la radio en &#8220;Radihola&#8221;, la emisora de Castell\u00f3n de la Plana, donde r\u00e1pidamente se gan\u00f3 el cari\u00f1o y la admiraci\u00f3n del p\u00fablico gracias a su carisma, desparpajo y su extenso conocimiento musical. Su impecable gusto en [&hellip;]<\/p>\n","protected":false},"author":1,"featured_media":0,"parent":0,"menu_order":0,"comment_status":"closed","ping_status":"closed","template":"","meta":{"site-sidebar-layout":"no-sidebar","site-content-layout":"page-builder","ast-site-content-layout":"default","site-content-style":"default","site-sidebar-style":"default","ast-global-header-display":"","ast-banner-title-visibility":"","ast-main-header-display":"","ast-hfb-above-header-display":"","ast-hfb-below-header-display":"","ast-hfb-mobile-header-display":"","site-post-title":"disabled","ast-breadcrumbs-content":"","ast-featured-img":"disabled","footer-sml-layout":"","ast-disable-related-posts":"","theme-transparent-header-meta":"","adv-header-id-meta":"","stick-header-meta":"","header-above-stick-meta":"","header-main-stick-meta":"","header-below-stick-meta":"","astra-migrate-meta-layouts":"default","ast-page-background-enabled":"default","ast-page-background-meta":{"desktop":{"background-color":"var(--ast-global-color-4)","background-image":"","background-repeat":"repeat","background-position":"center center","background-size":"auto","background-attachment":"scroll","background-type":"","background-media":"","overlay-type":"","overlay-color":"","overlay-opacity":"","overlay-gradient":""},"tablet":{"background-color":"","background-image":"","background-repeat":"repeat","background-position":"center center","background-size":"auto","background-attachment":"scroll","background-type":"","background-media":"","overlay-type":"","overlay-color":"","overlay-opacity":"","overlay-gradient":""},"mobile":{"background-color":"","background-image":"","background-repeat":"repeat","background-position":"center center","background-size":"auto","background-attachment":"scroll","background-type":"","background-media":"","overlay-type":"","overlay-color":"","overlay-opacity":"","overlay-gradient":""}},"ast-content-background-meta":{"desktop":{"background-color":"var(--ast-global-color-5)","background-image":"","background-repeat":"repeat","background-position":"center center","background-size":"auto","background-attachment":"scroll","background-type":"","background-media":"","overlay-type":"","overlay-color":"","overlay-opacity":"","overlay-gradient":""},"tablet":{"background-color":"var(--ast-global-color-5)","background-image":"","background-repeat":"repeat","background-position":"center center","background-size":"auto","background-attachment":"scroll","background-type":"","background-media":"","overlay-type":"","overlay-color":"","overlay-opacity":"","overlay-gradient":""},"mobile":{"background-color":"var(--ast-global-color-5)","background-image":"","background-repeat":"repeat","background-position":"center center","background-size":"auto","background-attachment":"scroll","background-type":"","background-media":"","overlay-type":"","overlay-color":"","overlay-opacity":"","overlay-gradient":""}},"episode_type":"","audio_file":"","cover_image":"","cover_image_id":"","duration":"","filesize":"","date_recorded":"","explicit":"","block":"","filesize_raw":"","footnotes":""},"class_list":["post-1571","page","type-page","status-publish","hentry"],"_links":{"self":[{"href":"https:\/\/ilovemusic.top\/index.php\/wp-json\/wp\/v2\/pages\/1571","targetHints":{"allow":["GET"]}}],"collection":[{"href":"https:\/\/ilovemusic.top\/index.php\/wp-json\/wp\/v2\/pages"}],"about":[{"href":"https:\/\/ilovemusic.top\/index.php\/wp-json\/wp\/v2\/types\/page"}],"author":[{"embeddable":true,"href":"https:\/\/ilovemusic.top\/index.php\/wp-json\/wp\/v2\/users\/1"}],"replies":[{"embeddable":true,"href":"https:\/\/ilovemusic.top\/index.php\/wp-json\/wp\/v2\/comments?post=1571"}],"version-history":[{"count":54,"href":"https:\/\/ilovemusic.top\/index.php\/wp-json\/wp\/v2\/pages\/1571\/revisions"}],"predecessor-version":[{"id":2449,"href":"https:\/\/ilovemusic.top\/index.php\/wp-json\/wp\/v2\/pages\/1571\/revisions\/2449"}],"wp:attachment":[{"href":"https:\/\/ilovemusic.top\/index.php\/wp-json\/wp\/v2\/media?parent=1571"}],"curies":[{"name":"wp","href":"https:\/\/api.w.org\/{rel}","templated":true}]}}