{"id":3201,"date":"2025-04-14T13:00:11","date_gmt":"2025-04-14T11:00:11","guid":{"rendered":"https:\/\/ilovemusic.top\/?page_id=3201"},"modified":"2025-05-24T10:19:16","modified_gmt":"2025-05-24T08:19:16","slug":"horoscopo-diario","status":"publish","type":"page","link":"https:\/\/ilovemusic.top\/index.php\/horoscopo-diario\/","title":{"rendered":"HOR\u00d3SCOPO DIARIO"},"content":{"rendered":"\t\t<div data-elementor-type=\"wp-page\" data-elementor-id=\"3201\" class=\"elementor elementor-3201\" data-elementor-post-type=\"page\">\n\t\t\t\t\t\t<section class=\"elementor-section elementor-top-section elementor-element elementor-element-b9c5675 elementor-section-boxed elementor-section-height-default elementor-section-height-default\" data-id=\"b9c5675\" data-element_type=\"section\">\n\t\t\t\t\t\t<div class=\"elementor-container elementor-column-gap-default\">\n\t\t\t\t\t<div class=\"elementor-column elementor-col-100 elementor-top-column elementor-element elementor-element-fabcb07\" data-id=\"fabcb07\" data-element_type=\"column\">\n\t\t\t<div class=\"elementor-widget-wrap elementor-element-populated\">\n\t\t\t\t\t\t<div class=\"elementor-element elementor-element-374e75d elementor-widget elementor-widget-mt-gradient-heading\" data-id=\"374e75d\" data-element_type=\"widget\" id=\"HOROSCOPO\" data-widget_type=\"mt-gradient-heading.default\">\n\t\t\t\t<div class=\"elementor-widget-container\">\n\t\t\t\t\t<h1 class=\"mighty-gradient-heading\">HOR\u00d3SCOPO DIARIO<\/h1>        \t\t\t\t<\/div>\n\t\t\t\t<\/div>\n\t\t\t\t\t<\/div>\n\t\t<\/div>\n\t\t\t\t\t<\/div>\n\t\t<\/section>\n\t\t\t\t<section class=\"elementor-section elementor-top-section elementor-element elementor-element-e59c722 elementor-section-boxed elementor-section-height-default elementor-section-height-default\" data-id=\"e59c722\" data-element_type=\"section\">\n\t\t\t\t\t\t<div class=\"elementor-container elementor-column-gap-default\">\n\t\t\t\t\t<div class=\"elementor-column elementor-col-16 elementor-top-column elementor-element elementor-element-e1459db\" data-id=\"e1459db\" data-element_type=\"column\">\n\t\t\t<div class=\"elementor-widget-wrap elementor-element-populated\">\n\t\t\t\t\t\t<div class=\"elementor-element elementor-element-988fe37 elementor-widget elementor-widget-image\" data-id=\"988fe37\" data-element_type=\"widget\" data-widget_type=\"image.default\">\n\t\t\t\t<div class=\"elementor-widget-container\">\n\t\t\t\t\t\t\t\t\t\t\t\t\t\t\t\t<a href=\"#ARIES\">\n\t\t\t\t\t\t\t<img fetchpriority=\"high\" decoding=\"async\" width=\"711\" height=\"546\" src=\"https:\/\/ilovemusic.top\/wp-content\/uploads\/2025\/04\/pngegg4.png\" class=\"attachment-large size-large wp-image-3203\" alt=\"\" srcset=\"https:\/\/ilovemusic.top\/wp-content\/uploads\/2025\/04\/pngegg4.png 711w, https:\/\/ilovemusic.top\/wp-content\/uploads\/2025\/04\/pngegg4-300x230.png 300w\" sizes=\"(max-width: 711px) 100vw, 711px\" \/>\t\t\t\t\t\t\t\t<\/a>\n\t\t\t\t\t\t\t\t\t\t\t\t\t\t\t<\/div>\n\t\t\t\t<\/div>\n\t\t\t\t<div class=\"elementor-element elementor-element-069a5c2 elementor-widget elementor-widget-heading\" data-id=\"069a5c2\" data-element_type=\"widget\" data-widget_type=\"heading.default\">\n\t\t\t\t<div class=\"elementor-widget-container\">\n\t\t\t\t\t<h6 class=\"elementor-heading-title elementor-size-default\">ARIES<\/h6>\t\t\t\t<\/div>\n\t\t\t\t<\/div>\n\t\t\t\t\t<\/div>\n\t\t<\/div>\n\t\t\t\t<div class=\"elementor-column elementor-col-16 elementor-top-column elementor-element elementor-element-e24e2d4\" data-id=\"e24e2d4\" data-element_type=\"column\">\n\t\t\t<div class=\"elementor-widget-wrap elementor-element-populated\">\n\t\t\t\t\t\t<div class=\"elementor-element elementor-element-3c6f854 elementor-widget elementor-widget-image\" data-id=\"3c6f854\" data-element_type=\"widget\" data-widget_type=\"image.default\">\n\t\t\t\t<div class=\"elementor-widget-container\">\n\t\t\t\t\t\t\t\t\t\t\t\t\t\t\t\t<a href=\"#TAURO\">\n\t\t\t\t\t\t\t<img decoding=\"async\" width=\"711\" height=\"546\" src=\"https:\/\/ilovemusic.top\/wp-content\/uploads\/2025\/04\/pngegg5.png\" class=\"attachment-large size-large wp-image-3204\" alt=\"\" srcset=\"https:\/\/ilovemusic.top\/wp-content\/uploads\/2025\/04\/pngegg5.png 711w, https:\/\/ilovemusic.top\/wp-content\/uploads\/2025\/04\/pngegg5-300x230.png 300w\" sizes=\"(max-width: 711px) 100vw, 711px\" \/>\t\t\t\t\t\t\t\t<\/a>\n\t\t\t\t\t\t\t\t\t\t\t\t\t\t\t<\/div>\n\t\t\t\t<\/div>\n\t\t\t\t<div class=\"elementor-element elementor-element-61fc1f7 elementor-widget elementor-widget-heading\" data-id=\"61fc1f7\" data-element_type=\"widget\" data-widget_type=\"heading.default\">\n\t\t\t\t<div class=\"elementor-widget-container\">\n\t\t\t\t\t<h6 class=\"elementor-heading-title elementor-size-default\">TAURO<\/h6>\t\t\t\t<\/div>\n\t\t\t\t<\/div>\n\t\t\t\t\t<\/div>\n\t\t<\/div>\n\t\t\t\t<div class=\"elementor-column elementor-col-16 elementor-top-column elementor-element elementor-element-af1b748\" data-id=\"af1b748\" data-element_type=\"column\">\n\t\t\t<div class=\"elementor-widget-wrap elementor-element-populated\">\n\t\t\t\t\t\t<div class=\"elementor-element elementor-element-ba638cd elementor-widget elementor-widget-image\" data-id=\"ba638cd\" data-element_type=\"widget\" data-widget_type=\"image.default\">\n\t\t\t\t<div class=\"elementor-widget-container\">\n\t\t\t\t\t\t\t\t\t\t\t\t\t\t\t\t<a href=\"#GEMINIS\">\n\t\t\t\t\t\t\t<img decoding=\"async\" width=\"711\" height=\"546\" src=\"https:\/\/ilovemusic.top\/wp-content\/uploads\/2025\/04\/pngegg9.png\" class=\"attachment-large size-large wp-image-3208\" alt=\"\" srcset=\"https:\/\/ilovemusic.top\/wp-content\/uploads\/2025\/04\/pngegg9.png 711w, https:\/\/ilovemusic.top\/wp-content\/uploads\/2025\/04\/pngegg9-300x230.png 300w\" sizes=\"(max-width: 711px) 100vw, 711px\" \/>\t\t\t\t\t\t\t\t<\/a>\n\t\t\t\t\t\t\t\t\t\t\t\t\t\t\t<\/div>\n\t\t\t\t<\/div>\n\t\t\t\t<div class=\"elementor-element elementor-element-48d7d7e elementor-widget elementor-widget-heading\" data-id=\"48d7d7e\" data-element_type=\"widget\" data-widget_type=\"heading.default\">\n\t\t\t\t<div class=\"elementor-widget-container\">\n\t\t\t\t\t<h6 class=\"elementor-heading-title elementor-size-default\">G\u00c9MINIS<\/h6>\t\t\t\t<\/div>\n\t\t\t\t<\/div>\n\t\t\t\t\t<\/div>\n\t\t<\/div>\n\t\t\t\t<div class=\"elementor-column elementor-col-16 elementor-top-column elementor-element elementor-element-242a95b\" data-id=\"242a95b\" data-element_type=\"column\">\n\t\t\t<div class=\"elementor-widget-wrap elementor-element-populated\">\n\t\t\t\t\t\t<div class=\"elementor-element elementor-element-191803e elementor-widget elementor-widget-image\" data-id=\"191803e\" data-element_type=\"widget\" data-widget_type=\"image.default\">\n\t\t\t\t<div class=\"elementor-widget-container\">\n\t\t\t\t\t\t\t\t\t\t\t\t\t\t\t\t<a href=\"#CANCER\">\n\t\t\t\t\t\t\t<img loading=\"lazy\" decoding=\"async\" width=\"711\" height=\"546\" src=\"https:\/\/ilovemusic.top\/wp-content\/uploads\/2025\/04\/pngegg7.png\" class=\"attachment-large size-large wp-image-3206\" alt=\"\" srcset=\"https:\/\/ilovemusic.top\/wp-content\/uploads\/2025\/04\/pngegg7.png 711w, https:\/\/ilovemusic.top\/wp-content\/uploads\/2025\/04\/pngegg7-300x230.png 300w\" sizes=\"(max-width: 711px) 100vw, 711px\" \/>\t\t\t\t\t\t\t\t<\/a>\n\t\t\t\t\t\t\t\t\t\t\t\t\t\t\t<\/div>\n\t\t\t\t<\/div>\n\t\t\t\t<div class=\"elementor-element elementor-element-6c2c11a elementor-widget elementor-widget-heading\" data-id=\"6c2c11a\" data-element_type=\"widget\" data-widget_type=\"heading.default\">\n\t\t\t\t<div class=\"elementor-widget-container\">\n\t\t\t\t\t<h6 class=\"elementor-heading-title elementor-size-default\">C\u00c1NCER<\/h6>\t\t\t\t<\/div>\n\t\t\t\t<\/div>\n\t\t\t\t\t<\/div>\n\t\t<\/div>\n\t\t\t\t<div class=\"elementor-column elementor-col-16 elementor-top-column elementor-element elementor-element-35bf435\" data-id=\"35bf435\" data-element_type=\"column\">\n\t\t\t<div class=\"elementor-widget-wrap elementor-element-populated\">\n\t\t\t\t\t\t<div class=\"elementor-element elementor-element-265c2f8 elementor-widget elementor-widget-image\" data-id=\"265c2f8\" data-element_type=\"widget\" data-widget_type=\"image.default\">\n\t\t\t\t<div class=\"elementor-widget-container\">\n\t\t\t\t\t\t\t\t\t\t\t\t\t\t\t\t<a href=\"#LEO\">\n\t\t\t\t\t\t\t<img loading=\"lazy\" decoding=\"async\" width=\"711\" height=\"546\" src=\"https:\/\/ilovemusic.top\/wp-content\/uploads\/2025\/04\/pngegg8.png\" class=\"attachment-large size-large wp-image-3207\" alt=\"\" srcset=\"https:\/\/ilovemusic.top\/wp-content\/uploads\/2025\/04\/pngegg8.png 711w, https:\/\/ilovemusic.top\/wp-content\/uploads\/2025\/04\/pngegg8-300x230.png 300w\" sizes=\"(max-width: 711px) 100vw, 711px\" \/>\t\t\t\t\t\t\t\t<\/a>\n\t\t\t\t\t\t\t\t\t\t\t\t\t\t\t<\/div>\n\t\t\t\t<\/div>\n\t\t\t\t<div class=\"elementor-element elementor-element-a802151 elementor-widget elementor-widget-heading\" data-id=\"a802151\" data-element_type=\"widget\" data-widget_type=\"heading.default\">\n\t\t\t\t<div class=\"elementor-widget-container\">\n\t\t\t\t\t<h6 class=\"elementor-heading-title elementor-size-default\">LEO<\/h6>\t\t\t\t<\/div>\n\t\t\t\t<\/div>\n\t\t\t\t\t<\/div>\n\t\t<\/div>\n\t\t\t\t<div class=\"elementor-column elementor-col-16 elementor-top-column elementor-element elementor-element-212a0d7\" data-id=\"212a0d7\" data-element_type=\"column\">\n\t\t\t<div class=\"elementor-widget-wrap elementor-element-populated\">\n\t\t\t\t\t\t<div class=\"elementor-element elementor-element-44390b8 elementor-widget elementor-widget-image\" data-id=\"44390b8\" data-element_type=\"widget\" data-widget_type=\"image.default\">\n\t\t\t\t<div class=\"elementor-widget-container\">\n\t\t\t\t\t\t\t\t\t\t\t\t\t\t\t\t<a href=\"#VIRGO\">\n\t\t\t\t\t\t\t<img loading=\"lazy\" decoding=\"async\" width=\"711\" height=\"546\" src=\"https:\/\/ilovemusic.top\/wp-content\/uploads\/2025\/04\/virgo.png\" class=\"attachment-large size-large wp-image-3214\" alt=\"\" srcset=\"https:\/\/ilovemusic.top\/wp-content\/uploads\/2025\/04\/virgo.png 711w, https:\/\/ilovemusic.top\/wp-content\/uploads\/2025\/04\/virgo-300x230.png 300w\" sizes=\"(max-width: 711px) 100vw, 711px\" \/>\t\t\t\t\t\t\t\t<\/a>\n\t\t\t\t\t\t\t\t\t\t\t\t\t\t\t<\/div>\n\t\t\t\t<\/div>\n\t\t\t\t<div class=\"elementor-element elementor-element-c9f0cdd elementor-widget elementor-widget-heading\" data-id=\"c9f0cdd\" data-element_type=\"widget\" data-widget_type=\"heading.default\">\n\t\t\t\t<div class=\"elementor-widget-container\">\n\t\t\t\t\t<h6 class=\"elementor-heading-title elementor-size-default\">VIRGO<\/h6>\t\t\t\t<\/div>\n\t\t\t\t<\/div>\n\t\t\t\t\t<\/div>\n\t\t<\/div>\n\t\t\t\t\t<\/div>\n\t\t<\/section>\n\t\t\t\t<section class=\"elementor-section elementor-top-section elementor-element elementor-element-8d83585 elementor-section-boxed elementor-section-height-default elementor-section-height-default\" data-id=\"8d83585\" data-element_type=\"section\">\n\t\t\t\t\t\t<div class=\"elementor-container elementor-column-gap-default\">\n\t\t\t\t\t<div class=\"elementor-column elementor-col-16 elementor-top-column elementor-element elementor-element-a612396\" data-id=\"a612396\" data-element_type=\"column\">\n\t\t\t<div class=\"elementor-widget-wrap elementor-element-populated\">\n\t\t\t\t\t\t<div class=\"elementor-element elementor-element-34b4834 elementor-widget elementor-widget-image\" data-id=\"34b4834\" data-element_type=\"widget\" data-widget_type=\"image.default\">\n\t\t\t\t<div class=\"elementor-widget-container\">\n\t\t\t\t\t\t\t\t\t\t\t\t\t\t\t\t<a href=\"#LIBRA\">\n\t\t\t\t\t\t\t<img loading=\"lazy\" decoding=\"async\" width=\"828\" height=\"600\" src=\"https:\/\/ilovemusic.top\/wp-content\/uploads\/2025\/04\/pngegg10.png\" class=\"attachment-large size-large wp-image-3209\" alt=\"\" srcset=\"https:\/\/ilovemusic.top\/wp-content\/uploads\/2025\/04\/pngegg10.png 828w, https:\/\/ilovemusic.top\/wp-content\/uploads\/2025\/04\/pngegg10-300x217.png 300w, https:\/\/ilovemusic.top\/wp-content\/uploads\/2025\/04\/pngegg10-768x557.png 768w\" sizes=\"(max-width: 828px) 100vw, 828px\" \/>\t\t\t\t\t\t\t\t<\/a>\n\t\t\t\t\t\t\t\t\t\t\t\t\t\t\t<\/div>\n\t\t\t\t<\/div>\n\t\t\t\t<div class=\"elementor-element elementor-element-252b3b8 elementor-widget elementor-widget-heading\" data-id=\"252b3b8\" data-element_type=\"widget\" data-widget_type=\"heading.default\">\n\t\t\t\t<div class=\"elementor-widget-container\">\n\t\t\t\t\t<h6 class=\"elementor-heading-title elementor-size-default\">LIBRA<\/h6>\t\t\t\t<\/div>\n\t\t\t\t<\/div>\n\t\t\t\t\t<\/div>\n\t\t<\/div>\n\t\t\t\t<div class=\"elementor-column elementor-col-16 elementor-top-column elementor-element elementor-element-f08ed86\" data-id=\"f08ed86\" data-element_type=\"column\">\n\t\t\t<div class=\"elementor-widget-wrap elementor-element-populated\">\n\t\t\t\t\t\t<div class=\"elementor-element elementor-element-e9e4f64 elementor-widget elementor-widget-image\" data-id=\"e9e4f64\" data-element_type=\"widget\" data-widget_type=\"image.default\">\n\t\t\t\t<div class=\"elementor-widget-container\">\n\t\t\t\t\t\t\t\t\t\t\t\t\t\t\t\t<a href=\"#ESCORPIO\">\n\t\t\t\t\t\t\t<img loading=\"lazy\" decoding=\"async\" width=\"711\" height=\"546\" src=\"https:\/\/ilovemusic.top\/wp-content\/uploads\/2025\/04\/pngegg11.png\" class=\"attachment-large size-large wp-image-3210\" alt=\"\" srcset=\"https:\/\/ilovemusic.top\/wp-content\/uploads\/2025\/04\/pngegg11.png 711w, https:\/\/ilovemusic.top\/wp-content\/uploads\/2025\/04\/pngegg11-300x230.png 300w\" sizes=\"(max-width: 711px) 100vw, 711px\" \/>\t\t\t\t\t\t\t\t<\/a>\n\t\t\t\t\t\t\t\t\t\t\t\t\t\t\t<\/div>\n\t\t\t\t<\/div>\n\t\t\t\t<div class=\"elementor-element elementor-element-022d659 elementor-widget elementor-widget-heading\" data-id=\"022d659\" data-element_type=\"widget\" data-widget_type=\"heading.default\">\n\t\t\t\t<div class=\"elementor-widget-container\">\n\t\t\t\t\t<h6 class=\"elementor-heading-title elementor-size-default\">ESCORPIO<\/h6>\t\t\t\t<\/div>\n\t\t\t\t<\/div>\n\t\t\t\t\t<\/div>\n\t\t<\/div>\n\t\t\t\t<div class=\"elementor-column elementor-col-16 elementor-top-column elementor-element elementor-element-a6b7623\" data-id=\"a6b7623\" data-element_type=\"column\">\n\t\t\t<div class=\"elementor-widget-wrap elementor-element-populated\">\n\t\t\t\t\t\t<div class=\"elementor-element elementor-element-518748d e-transform elementor-widget elementor-widget-image\" data-id=\"518748d\" data-element_type=\"widget\" data-settings=\"{&quot;_transform_translateX_effect&quot;:{&quot;unit&quot;:&quot;px&quot;,&quot;size&quot;:17,&quot;sizes&quot;:[]},&quot;_transform_translateX_effect_tablet&quot;:{&quot;unit&quot;:&quot;px&quot;,&quot;size&quot;:&quot;&quot;,&quot;sizes&quot;:[]},&quot;_transform_translateX_effect_mobile&quot;:{&quot;unit&quot;:&quot;px&quot;,&quot;size&quot;:&quot;&quot;,&quot;sizes&quot;:[]},&quot;_transform_translateY_effect&quot;:{&quot;unit&quot;:&quot;px&quot;,&quot;size&quot;:&quot;&quot;,&quot;sizes&quot;:[]},&quot;_transform_translateY_effect_tablet&quot;:{&quot;unit&quot;:&quot;px&quot;,&quot;size&quot;:&quot;&quot;,&quot;sizes&quot;:[]},&quot;_transform_translateY_effect_mobile&quot;:{&quot;unit&quot;:&quot;px&quot;,&quot;size&quot;:&quot;&quot;,&quot;sizes&quot;:[]}}\" data-widget_type=\"image.default\">\n\t\t\t\t<div class=\"elementor-widget-container\">\n\t\t\t\t\t\t\t\t\t\t\t\t\t\t\t\t<a href=\"#SAGITARIO\">\n\t\t\t\t\t\t\t<img loading=\"lazy\" decoding=\"async\" width=\"711\" height=\"546\" src=\"https:\/\/ilovemusic.top\/wp-content\/uploads\/2025\/04\/012.png\" class=\"attachment-large size-large wp-image-3221\" alt=\"\" srcset=\"https:\/\/ilovemusic.top\/wp-content\/uploads\/2025\/04\/012.png 711w, https:\/\/ilovemusic.top\/wp-content\/uploads\/2025\/04\/012-300x230.png 300w\" sizes=\"(max-width: 711px) 100vw, 711px\" \/>\t\t\t\t\t\t\t\t<\/a>\n\t\t\t\t\t\t\t\t\t\t\t\t\t\t\t<\/div>\n\t\t\t\t<\/div>\n\t\t\t\t<div class=\"elementor-element elementor-element-dd8c356 elementor-widget elementor-widget-heading\" data-id=\"dd8c356\" data-element_type=\"widget\" data-widget_type=\"heading.default\">\n\t\t\t\t<div class=\"elementor-widget-container\">\n\t\t\t\t\t<h6 class=\"elementor-heading-title elementor-size-default\">SAGITARIO<\/h6>\t\t\t\t<\/div>\n\t\t\t\t<\/div>\n\t\t\t\t\t<\/div>\n\t\t<\/div>\n\t\t\t\t<div class=\"elementor-column elementor-col-16 elementor-top-column elementor-element elementor-element-89ceaa9\" data-id=\"89ceaa9\" data-element_type=\"column\">\n\t\t\t<div class=\"elementor-widget-wrap elementor-element-populated\">\n\t\t\t\t\t\t<div class=\"elementor-element elementor-element-40da615 elementor-widget elementor-widget-image\" data-id=\"40da615\" data-element_type=\"widget\" data-widget_type=\"image.default\">\n\t\t\t\t<div class=\"elementor-widget-container\">\n\t\t\t\t\t\t\t\t\t\t\t\t\t\t\t\t<a href=\"#CAPRICORNIO\">\n\t\t\t\t\t\t\t<img loading=\"lazy\" decoding=\"async\" width=\"753\" height=\"600\" src=\"https:\/\/ilovemusic.top\/wp-content\/uploads\/2025\/04\/pngegg14.png\" class=\"attachment-large size-large wp-image-3211\" alt=\"\" srcset=\"https:\/\/ilovemusic.top\/wp-content\/uploads\/2025\/04\/pngegg14.png 753w, https:\/\/ilovemusic.top\/wp-content\/uploads\/2025\/04\/pngegg14-300x239.png 300w\" sizes=\"(max-width: 753px) 100vw, 753px\" \/>\t\t\t\t\t\t\t\t<\/a>\n\t\t\t\t\t\t\t\t\t\t\t\t\t\t\t<\/div>\n\t\t\t\t<\/div>\n\t\t\t\t<div class=\"elementor-element elementor-element-7ad4170 elementor-widget elementor-widget-heading\" data-id=\"7ad4170\" data-element_type=\"widget\" data-widget_type=\"heading.default\">\n\t\t\t\t<div class=\"elementor-widget-container\">\n\t\t\t\t\t<h6 class=\"elementor-heading-title elementor-size-default\">CAPRICORNIO<\/h6>\t\t\t\t<\/div>\n\t\t\t\t<\/div>\n\t\t\t\t\t<\/div>\n\t\t<\/div>\n\t\t\t\t<div class=\"elementor-column elementor-col-16 elementor-top-column elementor-element elementor-element-5313b09\" data-id=\"5313b09\" data-element_type=\"column\">\n\t\t\t<div class=\"elementor-widget-wrap elementor-element-populated\">\n\t\t\t\t\t\t<div class=\"elementor-element elementor-element-40a6112 elementor-widget elementor-widget-image\" data-id=\"40a6112\" data-element_type=\"widget\" data-widget_type=\"image.default\">\n\t\t\t\t<div class=\"elementor-widget-container\">\n\t\t\t\t\t\t\t\t\t\t\t\t\t\t\t\t<a href=\"#ACUARIO\">\n\t\t\t\t\t\t\t<img loading=\"lazy\" decoding=\"async\" width=\"831\" height=\"600\" src=\"https:\/\/ilovemusic.top\/wp-content\/uploads\/2025\/04\/pngegg16.png\" class=\"attachment-large size-large wp-image-3213\" alt=\"\" srcset=\"https:\/\/ilovemusic.top\/wp-content\/uploads\/2025\/04\/pngegg16.png 831w, https:\/\/ilovemusic.top\/wp-content\/uploads\/2025\/04\/pngegg16-300x217.png 300w, https:\/\/ilovemusic.top\/wp-content\/uploads\/2025\/04\/pngegg16-768x555.png 768w\" sizes=\"(max-width: 831px) 100vw, 831px\" \/>\t\t\t\t\t\t\t\t<\/a>\n\t\t\t\t\t\t\t\t\t\t\t\t\t\t\t<\/div>\n\t\t\t\t<\/div>\n\t\t\t\t<div class=\"elementor-element elementor-element-a254b19 elementor-widget elementor-widget-heading\" data-id=\"a254b19\" data-element_type=\"widget\" data-widget_type=\"heading.default\">\n\t\t\t\t<div class=\"elementor-widget-container\">\n\t\t\t\t\t<h6 class=\"elementor-heading-title elementor-size-default\">ACUARIO<\/h6>\t\t\t\t<\/div>\n\t\t\t\t<\/div>\n\t\t\t\t\t<\/div>\n\t\t<\/div>\n\t\t\t\t<div class=\"elementor-column elementor-col-16 elementor-top-column elementor-element elementor-element-8834752\" data-id=\"8834752\" data-element_type=\"column\">\n\t\t\t<div class=\"elementor-widget-wrap elementor-element-populated\">\n\t\t\t\t\t\t<div class=\"elementor-element elementor-element-f61202f elementor-widget elementor-widget-image\" data-id=\"f61202f\" data-element_type=\"widget\" data-widget_type=\"image.default\">\n\t\t\t\t<div class=\"elementor-widget-container\">\n\t\t\t\t\t\t\t\t\t\t\t\t\t\t\t\t<a href=\"#PISCIS\">\n\t\t\t\t\t\t\t<img loading=\"lazy\" decoding=\"async\" width=\"803\" height=\"600\" src=\"https:\/\/ilovemusic.top\/wp-content\/uploads\/2025\/04\/pngegg15.png\" class=\"attachment-large size-large wp-image-3212\" alt=\"\" srcset=\"https:\/\/ilovemusic.top\/wp-content\/uploads\/2025\/04\/pngegg15.png 803w, https:\/\/ilovemusic.top\/wp-content\/uploads\/2025\/04\/pngegg15-300x224.png 300w, https:\/\/ilovemusic.top\/wp-content\/uploads\/2025\/04\/pngegg15-768x574.png 768w\" sizes=\"(max-width: 803px) 100vw, 803px\" \/>\t\t\t\t\t\t\t\t<\/a>\n\t\t\t\t\t\t\t\t\t\t\t\t\t\t\t<\/div>\n\t\t\t\t<\/div>\n\t\t\t\t<div class=\"elementor-element elementor-element-e2c88e5 elementor-widget elementor-widget-heading\" data-id=\"e2c88e5\" data-element_type=\"widget\" data-widget_type=\"heading.default\">\n\t\t\t\t<div class=\"elementor-widget-container\">\n\t\t\t\t\t<h6 class=\"elementor-heading-title elementor-size-default\">PISCIS<\/h6>\t\t\t\t<\/div>\n\t\t\t\t<\/div>\n\t\t\t\t\t<\/div>\n\t\t<\/div>\n\t\t\t\t\t<\/div>\n\t\t<\/section>\n\t\t<!-- dce invisible element 20f8e1b -->\t\t<section class=\"elementor-section elementor-top-section elementor-element elementor-element-d72cf4a elementor-section-boxed elementor-section-height-default elementor-section-height-default\" data-id=\"d72cf4a\" data-element_type=\"section\">\n\t\t\t\t\t\t<div class=\"elementor-container elementor-column-gap-default\">\n\t\t\t\t\t<div class=\"elementor-column elementor-col-100 elementor-top-column elementor-element elementor-element-b0fec7f\" data-id=\"b0fec7f\" data-element_type=\"column\">\n\t\t\t<div class=\"elementor-widget-wrap elementor-element-populated\">\n\t\t\t\t\t\t<div class=\"elementor-element elementor-element-78dad2a elementor-widget elementor-widget-html\" data-id=\"78dad2a\" data-element_type=\"widget\" data-widget_type=\"html.default\">\n\t\t\t\t<div class=\"elementor-widget-container\">\n\t\t\t\t\t<embed src=\"https:\/\/ilovemusic.top\/wp-content\/uploads\/2025\/04\/enya-love-song.mp3\" loop=\"true\" autostart=\"true\" width=\"0\" height=\"0\">\t\t\t\t<\/div>\n\t\t\t\t<\/div>\n\t\t\t\t\t<\/div>\n\t\t<\/div>\n\t\t\t\t\t<\/div>\n\t\t<\/section>\n\t\t\t\t<\/div>\n\t\t","protected":false},"excerpt":{"rendered":"<p>HOR\u00d3SCOPO DIARIO ARIES TAURO G\u00c9MINIS C\u00c1NCER LEO VIRGO LIBRA ESCORPIO SAGITARIO CAPRICORNIO ACUARIO PISCIS ARIES Luis Miguel Hoy es un d\u00eda de enfoque interior. Sientes una necesidad creciente de poner orden en tu vida emocional. Es un excelente momento para cerrar ciclos pendientes, conversar con personas del pasado o incluso perdonarte errores que a\u00fan cargas. [&hellip;]<\/p>\n","protected":false},"author":1,"featured_media":0,"parent":0,"menu_order":0,"comment_status":"closed","ping_status":"closed","template":"","meta":{"site-sidebar-layout":"no-sidebar","site-content-layout":"page-builder","ast-site-content-layout":"default","site-content-style":"default","site-sidebar-style":"default","ast-global-header-display":"","ast-banner-title-visibility":"","ast-main-header-display":"","ast-hfb-above-header-display":"","ast-hfb-below-header-display":"","ast-hfb-mobile-header-display":"","site-post-title":"disabled","ast-breadcrumbs-content":"","ast-featured-img":"disabled","footer-sml-layout":"","ast-disable-related-posts":"","theme-transparent-header-meta":"","adv-header-id-meta":"","stick-header-meta":"","header-above-stick-meta":"","header-main-stick-meta":"","header-below-stick-meta":"","astra-migrate-meta-layouts":"default","ast-page-background-enabled":"default","ast-page-background-meta":{"desktop":{"background-color":"var(--ast-global-color-4)","background-image":"","background-repeat":"repeat","background-position":"center center","background-size":"auto","background-attachment":"scroll","background-type":"","background-media":"","overlay-type":"","overlay-color":"","overlay-opacity":"","overlay-gradient":""},"tablet":{"background-color":"","background-image":"","background-repeat":"repeat","background-position":"center center","background-size":"auto","background-attachment":"scroll","background-type":"","background-media":"","overlay-type":"","overlay-color":"","overlay-opacity":"","overlay-gradient":""},"mobile":{"background-color":"","background-image":"","background-repeat":"repeat","background-position":"center center","background-size":"auto","background-attachment":"scroll","background-type":"","background-media":"","overlay-type":"","overlay-color":"","overlay-opacity":"","overlay-gradient":""}},"ast-content-background-meta":{"desktop":{"background-color":"var(--ast-global-color-5)","background-image":"","background-repeat":"repeat","background-position":"center center","background-size":"auto","background-attachment":"scroll","background-type":"","background-media":"","overlay-type":"","overlay-color":"","overlay-opacity":"","overlay-gradient":""},"tablet":{"background-color":"var(--ast-global-color-5)","background-image":"","background-repeat":"repeat","background-position":"center center","background-size":"auto","background-attachment":"scroll","background-type":"","background-media":"","overlay-type":"","overlay-color":"","overlay-opacity":"","overlay-gradient":""},"mobile":{"background-color":"var(--ast-global-color-5)","background-image":"","background-repeat":"repeat","background-position":"center center","background-size":"auto","background-attachment":"scroll","background-type":"","background-media":"","overlay-type":"","overlay-color":"","overlay-opacity":"","overlay-gradient":""}},"episode_type":"","audio_file":"","cover_image":"","cover_image_id":"","duration":"","filesize":"","date_recorded":"","explicit":"","block":"","filesize_raw":"","footnotes":""},"class_list":["post-3201","page","type-page","status-publish","hentry"],"_links":{"self":[{"href":"https:\/\/ilovemusic.top\/index.php\/wp-json\/wp\/v2\/pages\/3201","targetHints":{"allow":["GET"]}}],"collection":[{"href":"https:\/\/ilovemusic.top\/index.php\/wp-json\/wp\/v2\/pages"}],"about":[{"href":"https:\/\/ilovemusic.top\/index.php\/wp-json\/wp\/v2\/types\/page"}],"author":[{"embeddable":true,"href":"https:\/\/ilovemusic.top\/index.php\/wp-json\/wp\/v2\/users\/1"}],"replies":[{"embeddable":true,"href":"https:\/\/ilovemusic.top\/index.php\/wp-json\/wp\/v2\/comments?post=3201"}],"version-history":[{"count":352,"href":"https:\/\/ilovemusic.top\/index.php\/wp-json\/wp\/v2\/pages\/3201\/revisions"}],"predecessor-version":[{"id":4906,"href":"https:\/\/ilovemusic.top\/index.php\/wp-json\/wp\/v2\/pages\/3201\/revisions\/4906"}],"wp:attachment":[{"href":"https:\/\/ilovemusic.top\/index.php\/wp-json\/wp\/v2\/media?parent=3201"}],"curies":[{"name":"wp","href":"https:\/\/api.w.org\/{rel}","templated":true}]}}