{"id":4358,"date":"2025-05-10T19:05:40","date_gmt":"2025-05-10T17:05:40","guid":{"rendered":"https:\/\/ilovemusic.top\/?page_id=4358"},"modified":"2025-05-10T19:07:02","modified_gmt":"2025-05-10T17:07:02","slug":"entrevistas","status":"publish","type":"page","link":"https:\/\/ilovemusic.top\/index.php\/entrevistas\/","title":{"rendered":"ENTREVISTAS"},"content":{"rendered":"\t\t<div data-elementor-type=\"wp-page\" data-elementor-id=\"4358\" class=\"elementor elementor-4358\" data-elementor-post-type=\"page\">\n\t\t\t\t\t\t<section class=\"elementor-section elementor-top-section elementor-element elementor-element-ea9e879 elementor-section-boxed elementor-section-height-default elementor-section-height-default\" data-id=\"ea9e879\" data-element_type=\"section\">\n\t\t\t\t\t\t<div class=\"elementor-container elementor-column-gap-default\">\n\t\t\t\t\t<div class=\"elementor-column elementor-col-100 elementor-top-column elementor-element elementor-element-b53f65f\" data-id=\"b53f65f\" data-element_type=\"column\">\n\t\t\t<div class=\"elementor-widget-wrap elementor-element-populated\">\n\t\t\t\t\t\t<div class=\"elementor-element elementor-element-f61c692 elementor-widget elementor-widget-mt-gradient-heading\" data-id=\"f61c692\" data-element_type=\"widget\" data-widget_type=\"mt-gradient-heading.default\">\n\t\t\t\t<div class=\"elementor-widget-container\">\n\t\t\t\t\t<h1 class=\"mighty-gradient-heading\">ENTREVISTAS<\/h1>        \t\t\t\t<\/div>\n\t\t\t\t<\/div>\n\t\t\t\t<div class=\"elementor-element elementor-element-43b7c74 elementor-widget elementor-widget-contentviews_widget_list1\" data-id=\"43b7c74\" data-element_type=\"widget\" data-widget_type=\"contentviews_widget_list1.default\">\n\t\t\t\t<div class=\"elementor-widget-container\">\n\t\t\t\t\t<div class='pt-cv-wrapper'> <div class=\"pt-cv-view pt-cv-blockgrid iscvblock iscvelementor list1 layout1\" id=\"pt-cv-view-43b7c74\"><div data-id=\"pt-cv-page-1\" class=\"pt-cv-page\" data-cvc=\"1\"><div class=\" pt-cv-content-item pt-cv-2-col\" ><div class=\"pt-cv-thumb-wrapper pull-left \"><a href=\"https:\/\/ilovemusic.top\/index.php\/2025\/05\/11\/alejandro-fernandez-recuerda-la-ultima-discusion-con-su-padre\/\" class=\"_self pt-cv-href-thumbnail pt-cv-thumb-left\" target=\"_self\" ><img fetchpriority=\"high\" decoding=\"async\" width=\"1024\" height=\"637\" src=\"https:\/\/ilovemusic.top\/wp-content\/uploads\/2025\/05\/alejandro-fernandez-confiesa-pesa-apellido-1024x637.jpg\" class=\"pt-cv-thumbnail pull-left\" alt=\"\" \/><\/a><\/div>\n<div class=\"pt-cv-colwrap\"><div class=\"pt-cv-taxoterm above_title\"><a href='https:\/\/ilovemusic.top\/index.php\/category\/entrevistas\/' title='ENTREVISTAS' class='pt-cv-tax-entrevistas'>ENTREVISTAS<\/a><\/div><h4 class=\"pt-cv-title\"><a href=\"https:\/\/ilovemusic.top\/index.php\/2025\/05\/11\/alejandro-fernandez-recuerda-la-ultima-discusion-con-su-padre\/\" class=\"_self\" target=\"_self\" >ALEJANDRO FERN\u00c1NDEZ RECUERDA LA \u00daLTIMA DISCUSI\u00d3N CON SU PADRE<\/a><\/h4><div class=\"pt-cv-content\"> ...<\/div><div class=\"pt-cv-rmwrap\"><a href=\"https:\/\/ilovemusic.top\/index.php\/2025\/05\/11\/alejandro-fernandez-recuerda-la-ultima-discusion-con-su-padre\/\" class=\"_self pt-cv-readmore btn btn-success\" target=\"_self\" >Leer M\u00e1s<\/a><\/div><\/div><\/div>\n<div class=\" pt-cv-content-item pt-cv-2-col\" ><div class=\"pt-cv-thumb-wrapper pull-left \"><a href=\"https:\/\/ilovemusic.top\/index.php\/2025\/05\/10\/miguel-bose-el-hormiguero\/\" class=\"_self pt-cv-href-thumbnail pt-cv-thumb-left\" target=\"_self\" ><img decoding=\"async\" width=\"1024\" height=\"576\" src=\"https:\/\/ilovemusic.top\/wp-content\/uploads\/2025\/05\/BOSE-1024x576.png\" class=\"pt-cv-thumbnail pull-left\" alt=\"\" \/><\/a><\/div>\n<div class=\"pt-cv-colwrap\"><div class=\"pt-cv-taxoterm above_title\"><a href='https:\/\/ilovemusic.top\/index.php\/category\/entrevistas\/' title='ENTREVISTAS' class='pt-cv-tax-entrevistas'>ENTREVISTAS<\/a><\/div><h4 class=\"pt-cv-title\"><a href=\"https:\/\/ilovemusic.top\/index.php\/2025\/05\/10\/miguel-bose-el-hormiguero\/\" class=\"_self\" target=\"_self\" >MIGUEL BOS\u00c9 -EL HORMIGUERO-<\/a><\/h4><div class=\"pt-cv-content\"> ...<\/div><div class=\"pt-cv-rmwrap\"><a href=\"https:\/\/ilovemusic.top\/index.php\/2025\/05\/10\/miguel-bose-el-hormiguero\/\" class=\"_self pt-cv-readmore btn btn-success\" target=\"_self\" >Leer M\u00e1s<\/a><\/div><\/div><\/div>\n<div class=\" pt-cv-content-item pt-cv-2-col\" ><div class=\"pt-cv-thumb-wrapper pull-left \"><a href=\"https:\/\/ilovemusic.top\/index.php\/2025\/05\/10\/entrevista-a-richard-gere\/\" class=\"_self pt-cv-href-thumbnail pt-cv-thumb-left\" target=\"_self\" ><img decoding=\"async\" width=\"1024\" height=\"576\" src=\"https:\/\/ilovemusic.top\/wp-content\/uploads\/2025\/05\/richaer-1024x576.jpg\" class=\"pt-cv-thumbnail pull-left\" alt=\"\" \/><\/a><\/div>\n<div class=\"pt-cv-colwrap\"><div class=\"pt-cv-taxoterm above_title\"><a href='https:\/\/ilovemusic.top\/index.php\/category\/entrevistas\/' title='ENTREVISTAS' class='pt-cv-tax-entrevistas'>ENTREVISTAS<\/a><\/div><h4 class=\"pt-cv-title\"><a href=\"https:\/\/ilovemusic.top\/index.php\/2025\/05\/10\/entrevista-a-richard-gere\/\" class=\"_self\" target=\"_self\" >ENTREVISTA A RICHARD GERE<\/a><\/h4><div class=\"pt-cv-content\"> ...<\/div><div class=\"pt-cv-rmwrap\"><a href=\"https:\/\/ilovemusic.top\/index.php\/2025\/05\/10\/entrevista-a-richard-gere\/\" class=\"_self pt-cv-readmore btn btn-success\" target=\"_self\" >Leer M\u00e1s<\/a><\/div><\/div><\/div><\/div><\/div> <\/div> \t\t\t\t<\/div>\n\t\t\t\t<\/div>\n\t\t\t\t\t<\/div>\n\t\t<\/div>\n\t\t\t\t\t<\/div>\n\t\t<\/section>\n\t\t\t\t<\/div>\n\t\t","protected":false},"excerpt":{"rendered":"<p>ENTREVISTAS ENTREVISTAS MIGUEL BOS\u00c9 -EL HORMIGUERO- &#8230;Leer M\u00e1s ENTREVISTAS ENTREVISTA A RICHARD GERE &#8230;Leer M\u00e1s<\/p>\n","protected":false},"author":1,"featured_media":0,"parent":0,"menu_order":0,"comment_status":"closed","ping_status":"closed","template":"","meta":{"site-sidebar-layout":"default","site-content-layout":"","ast-site-content-layout":"default","site-content-style":"default","site-sidebar-style":"default","ast-global-header-display":"","ast-banner-title-visibility":"","ast-main-header-display":"","ast-hfb-above-header-display":"","ast-hfb-below-header-display":"","ast-hfb-mobile-header-display":"","site-post-title":"disabled","ast-breadcrumbs-content":"","ast-featured-img":"","footer-sml-layout":"","ast-disable-related-posts":"","theme-transparent-header-meta":"","adv-header-id-meta":"","stick-header-meta":"","header-above-stick-meta":"","header-main-stick-meta":"","header-below-stick-meta":"","astra-migrate-meta-layouts":"default","ast-page-background-enabled":"default","ast-page-background-meta":{"desktop":{"background-color":"var(--ast-global-color-4)","background-image":"","background-repeat":"repeat","background-position":"center center","background-size":"auto","background-attachment":"scroll","background-type":"","background-media":"","overlay-type":"","overlay-color":"","overlay-opacity":"","overlay-gradient":""},"tablet":{"background-color":"","background-image":"","background-repeat":"repeat","background-position":"center center","background-size":"auto","background-attachment":"scroll","background-type":"","background-media":"","overlay-type":"","overlay-color":"","overlay-opacity":"","overlay-gradient":""},"mobile":{"background-color":"","background-image":"","background-repeat":"repeat","background-position":"center center","background-size":"auto","background-attachment":"scroll","background-type":"","background-media":"","overlay-type":"","overlay-color":"","overlay-opacity":"","overlay-gradient":""}},"ast-content-background-meta":{"desktop":{"background-color":"var(--ast-global-color-5)","background-image":"","background-repeat":"repeat","background-position":"center center","background-size":"auto","background-attachment":"scroll","background-type":"","background-media":"","overlay-type":"","overlay-color":"","overlay-opacity":"","overlay-gradient":""},"tablet":{"background-color":"var(--ast-global-color-5)","background-image":"","background-repeat":"repeat","background-position":"center center","background-size":"auto","background-attachment":"scroll","background-type":"","background-media":"","overlay-type":"","overlay-color":"","overlay-opacity":"","overlay-gradient":""},"mobile":{"background-color":"var(--ast-global-color-5)","background-image":"","background-repeat":"repeat","background-position":"center center","background-size":"auto","background-attachment":"scroll","background-type":"","background-media":"","overlay-type":"","overlay-color":"","overlay-opacity":"","overlay-gradient":""}},"episode_type":"","audio_file":"","cover_image":"","cover_image_id":"","duration":"","filesize":"","date_recorded":"","explicit":"","block":"","filesize_raw":"","footnotes":""},"class_list":["post-4358","page","type-page","status-publish","hentry"],"_links":{"self":[{"href":"https:\/\/ilovemusic.top\/index.php\/wp-json\/wp\/v2\/pages\/4358","targetHints":{"allow":["GET"]}}],"collection":[{"href":"https:\/\/ilovemusic.top\/index.php\/wp-json\/wp\/v2\/pages"}],"about":[{"href":"https:\/\/ilovemusic.top\/index.php\/wp-json\/wp\/v2\/types\/page"}],"author":[{"embeddable":true,"href":"https:\/\/ilovemusic.top\/index.php\/wp-json\/wp\/v2\/users\/1"}],"replies":[{"embeddable":true,"href":"https:\/\/ilovemusic.top\/index.php\/wp-json\/wp\/v2\/comments?post=4358"}],"version-history":[{"count":4,"href":"https:\/\/ilovemusic.top\/index.php\/wp-json\/wp\/v2\/pages\/4358\/revisions"}],"predecessor-version":[{"id":4362,"href":"https:\/\/ilovemusic.top\/index.php\/wp-json\/wp\/v2\/pages\/4358\/revisions\/4362"}],"wp:attachment":[{"href":"https:\/\/ilovemusic.top\/index.php\/wp-json\/wp\/v2\/media?parent=4358"}],"curies":[{"name":"wp","href":"https:\/\/api.w.org\/{rel}","templated":true}]}}